{"id":3219,"date":"2024-10-29T19:50:12","date_gmt":"2024-10-29T19:50:12","guid":{"rendered":"https:\/\/panafro-networks.com\/?page_id=3219"},"modified":"2024-10-29T20:02:03","modified_gmt":"2024-10-29T20:02:03","slug":"parceiro-3","status":"publish","type":"page","link":"https:\/\/panafro-networks.com\/pt\/parceiro\/parceiro-3\/","title":{"rendered":"DEKKAL THIOSSANE"},"content":{"rendered":"<div data-elementor-type=\"wp-page\" data-elementor-id=\"3219\" class=\"elementor elementor-3219\" data-elementor-post-type=\"page\">\n\t\t\t\t\t\t<section class=\"elementor-section elementor-top-section elementor-element elementor-element-fc505fb elementor-section-full_width elementor-section-height-default elementor-section-height-default wpr-particle-no wpr-jarallax-no wpr-parallax-no wpr-sticky-section-no\" data-id=\"fc505fb\" data-element_type=\"section\" data-e-type=\"section\" data-settings=\"{&quot;background_background&quot;:&quot;classic&quot;,&quot;shape_divider_bottom&quot;:&quot;opacity-fan&quot;}\">\n\t\t\t\t\t\t\t<div class=\"elementor-background-overlay\"><\/div>\n\t\t\t\t\t\t<div class=\"elementor-shape elementor-shape-bottom\" aria-hidden=\"true\" data-negative=\"false\">\n\t\t\t<svg xmlns=\"http:\/\/www.w3.org\/2000\/svg\" viewbox=\"0 0 283.5 19.6\" preserveaspectratio=\"none\">\n\t<path class=\"elementor-shape-fill\" style=\"opacity:0.33\" d=\"M0 0L0 18.8 141.8 4.1 283.5 18.8 283.5 0z\"\/>\n\t<path class=\"elementor-shape-fill\" style=\"opacity:0.33\" d=\"M0 0L0 12.6 141.8 4 283.5 12.6 283.5 0z\"\/>\n\t<path class=\"elementor-shape-fill\" style=\"opacity:0.33\" d=\"M0 0L0 6.4 141.8 4 283.5 6.4 283.5 0z\"\/>\n\t<path class=\"elementor-shape-fill\" d=\"M0 0L0 1.2 141.8 4 283.5 1.2 283.5 0z\"\/>\n<\/svg>\t\t<\/div>\n\t\t\t\t\t<div class=\"elementor-container elementor-column-gap-no\">\n\t\t\t\t\t<div class=\"elementor-column elementor-col-100 elementor-top-column elementor-element elementor-element-483bdde\" data-id=\"483bdde\" data-element_type=\"column\" data-e-type=\"column\">\n\t\t\t<div class=\"elementor-widget-wrap elementor-element-populated\">\n\t\t\t\t\t\t<div class=\"elementor-element elementor-element-802c406 elementor-widget__width-inherit elementor-widget elementor-widget-heading\" data-id=\"802c406\" data-element_type=\"widget\" data-e-type=\"widget\" data-widget_type=\"heading.default\">\n\t\t\t\t<div class=\"elementor-widget-container\">\n\t\t\t\t\t<h3 class=\"elementor-heading-title elementor-size-default\">Os nossos parceiros<\/h3>\t\t\t\t<\/div>\n\t\t\t\t<\/div>\n\t\t\t\t\t<\/div>\n\t\t<\/div>\n\t\t\t\t\t<\/div>\n\t\t<\/section>\n\t\t\t\t<section class=\"elementor-section elementor-top-section elementor-element elementor-element-8335740 elementor-section-boxed elementor-section-height-default elementor-section-height-default wpr-particle-no wpr-jarallax-no wpr-parallax-no wpr-sticky-section-no\" data-id=\"8335740\" data-element_type=\"section\" data-e-type=\"section\" data-settings=\"{&quot;background_background&quot;:&quot;classic&quot;}\">\n\t\t\t\t\t\t\t<div class=\"elementor-background-overlay\"><\/div>\n\t\t\t\t\t\t\t<div class=\"elementor-container elementor-column-gap-no\">\n\t\t\t\t\t<div class=\"elementor-column elementor-col-100 elementor-top-column elementor-element elementor-element-9e727b2\" data-id=\"9e727b2\" data-element_type=\"column\" data-e-type=\"column\">\n\t\t\t<div class=\"elementor-widget-wrap elementor-element-populated\">\n\t\t\t\t\t\t<div class=\"elementor-element elementor-element-eef67be premium-mask-yes premium-mask-tr premium-title-color elementor-widget elementor-widget-premium-addon-title\" data-id=\"eef67be\" data-element_type=\"widget\" data-e-type=\"widget\" id=\"dekkal\" data-widget_type=\"premium-addon-title.default\">\n\t\t\t\t<div class=\"elementor-widget-container\">\n\t\t\t\t\t\n\t\t<div class=\"premium-title-container style1\">\n\t\t\t<h2 class=\"premium-title-header premium-title-style1\">\n\t\t\t\t\n\t\t\t\t\n\t\t\t\t\t\t\t\t\t\t\t\t<span class=\"premium-title-text\">\n\t\t\t\t\tDEKKAL THIOSSANE: Um parceiro para a divulga\u00e7\u00e3o da cultura africana\t\t\t\t<\/span>\n\t\t\t\t\t\n\t\t\t\t\t\t\t\t\n\t\t\t\t\t\t\t<\/h2>\n\n\t\t<\/div>\n\n\t\t\t\t\t\t<\/div>\n\t\t\t\t<\/div>\n\t\t\t\t<div class=\"elementor-element elementor-element-a4cc44b elementor-widget elementor-widget-text-editor\" data-id=\"a4cc44b\" data-element_type=\"widget\" data-e-type=\"widget\" data-widget_type=\"text-editor.default\">\n\t\t\t\t<div class=\"elementor-widget-container\">\n\t\t\t\t\t\t\t\t\t<div dir=\"auto\">A Panafro Networks orgulha-se de contar com Dekkal Thiossane entre os seus parceiros.  Esta associa\u00e7\u00e3o din\u00e2mica, com sede em Paris, partilha a nossa vis\u00e3o de uma \u00c1frica forte, culturalmente rica e pr\u00f3spera.  Desde a sua cria\u00e7\u00e3o em 2007, a Dekkal Thiossane tem trabalhado incansavelmente para promover e valorizar as artes e culturas de \u00c1frica e das Cara\u00edbas atrav\u00e9s de eventos culturais, confer\u00eancias, workshops e exposi\u00e7\u00f5es.\u00a0\u00a0<\/div><div dir=\"auto\">\u00a0<\/div><div dir=\"auto\">O seu empenho na defesa da diversidade cultural e no apoio aos artistas africanos est\u00e1 em perfeita sintonia com a miss\u00e3o do Panafro Networks de promover o desenvolvimento integral do continente.  Juntos, estamos a trabalhar para destacar os talentos excepcionais de \u00c1frica e da di\u00e1spora, contribuindo para uma maior compreens\u00e3o m\u00fatua e para um renascimento cultural africano.\u00a0\u00a0<\/div><div dir=\"auto\"><div dir=\"auto\">\u00a0<\/div><div dir=\"auto\">Para obter mais informa\u00e7\u00f5es sobre a associa\u00e7\u00e3o Dekkal Thiossane e as suas iniciativas, visite o seu s\u00edtio Web:\u00a0<a href=\"http:\/\/www.dekkal-thiossane.org\/\" target=\"_blank\" rel=\"noopener noreferrer noreferrer noreferrer noreferrer\" data-saferedirecturl=\"https:\/\/www.google.com\/url?q=http:\/\/www.dekkal-thiossane.org\/&amp;source=gmail&amp;ust=1729590033884000&amp;usg=AOvVaw2SupbUT7143em9Rwhg0KMo\">http:\/\/www.dekkal-thiossane.<wbr \/>org<\/a>\u00a0<\/div><div dir=\"auto\">\u00a0<\/div><div dir=\"auto\">Tamb\u00e9m \u00e9 poss\u00edvel contact\u00e1-los diretamente:<\/div><div dir=\"auto\">\u00a0<\/div><div dir=\"auto\">WhatsApp : 0033 6 64 16 60 56<\/div><div dir=\"auto\">Correio eletr\u00f3nico :\u00a0<a href=\"mailto:contact@dekkal-thiossane.org\" target=\"_blank\" rel=\"noopener noreferrer noreferrer noreferrer noreferrer\">contact@dekkal-thiossane.org<\/a><\/div><\/div>\t\t\t\t\t\t\t\t<\/div>\n\t\t\t\t<\/div>\n\t\t\t\t\t<\/div>\n\t\t<\/div>\n\t\t\t\t\t<\/div>\n\t\t<\/section>\n\t\t\t\t<section class=\"elementor-section elementor-top-section elementor-element elementor-element-fdb1e5e elementor-section-boxed elementor-section-height-default elementor-section-height-default wpr-particle-no wpr-jarallax-no wpr-parallax-no wpr-sticky-section-no\" data-id=\"fdb1e5e\" data-element_type=\"section\" data-e-type=\"section\" data-settings=\"{&quot;shape_divider_top&quot;:&quot;opacity-tilt&quot;,&quot;background_background&quot;:&quot;classic&quot;}\">\n\t\t\t\t\t\t\t<div class=\"elementor-background-overlay\"><\/div>\n\t\t\t\t\t\t<div class=\"elementor-shape elementor-shape-top\" aria-hidden=\"true\" data-negative=\"false\">\n\t\t\t<svg xmlns=\"http:\/\/www.w3.org\/2000\/svg\" viewbox=\"0 0 2600 131.1\" preserveaspectratio=\"none\">\n\t<path class=\"elementor-shape-fill\" d=\"M0 0L2600 0 2600 69.1 0 0z\"\/>\n\t<path class=\"elementor-shape-fill\" style=\"opacity:0.5\" d=\"M0 0L2600 0 2600 69.1 0 69.1z\"\/>\n\t<path class=\"elementor-shape-fill\" style=\"opacity:0.25\" d=\"M2600 0L0 0 0 130.1 2600 69.1z\"\/>\n<\/svg>\t\t<\/div>\n\t\t\t\t\t<div class=\"elementor-container elementor-column-gap-no\">\n\t\t\t\t\t<div class=\"elementor-column elementor-col-100 elementor-top-column elementor-element elementor-element-eea0c76\" data-id=\"eea0c76\" data-element_type=\"column\" data-e-type=\"column\">\n\t\t\t<div class=\"elementor-widget-wrap\">\n\t\t\t\t\t\t\t<\/div>\n\t\t<\/div>\n\t\t\t\t\t<\/div>\n\t\t<\/section>\n\t\t\t\t<\/div>","protected":false},"excerpt":{"rendered":"<p>Nos partenaires DEKKAL THIOSSANE : Un partenaire pour la rayonnement culturel africain Panafro Networks est fier de compter Dekkal Thiossane parmi ses partenaires.\u00a0 Cette association dynamique, bas\u00e9e \u00e0 Paris, partage notre vision d&rsquo;une Afrique forte, culturellement riche et prosp\u00e8re.\u00a0 Depuis sa cr\u00e9ation en 2007, Dekkal Thiossane \u0153uvre sans rel\u00e2che \u00e0 la promotion et \u00e0 la valorisation des arts et cultures d&rsquo;Afrique et des Cara\u00efbes, \u00e0 travers des \u00e9v\u00e9nements culturels, conf\u00e9rences, ateliers et expositions.\u00a0\u00a0\u00a0Leur engagement pour la d\u00e9fense de la diversit\u00e9 culturelle et le soutien aux artistes africains,\u00a0 r\u00e9sonne parfaitement avec la mission de Panafro Networks de promouvoir le d\u00e9veloppement int\u00e9gral du continent.\u00a0 Ensemble, nous travaillons \u00e0 mettre en lumi\u00e8re les talents exceptionnels de l\u2019Afrique et de la diaspora,\u00a0 contribuant ainsi \u00e0 une meilleure compr\u00e9hension mutuelle et \u00e0 une renaissance culturelle africaine.\u00a0\u00a0\u00a0Si vous souhaitez en savoir plus sur l&rsquo;association Dekkal Thiossane et ses initiatives, n&rsquo;h\u00e9sitez pas \u00e0 visiter leur site web :\u00a0http:\/\/www.dekkal-thiossane.org\u00a0\u00a0Vous pouvez \u00e9galement les contacter directement :\u00a0WhatsApp : 0033 6 64 16 60 56Email :\u00a0contact@dekkal-thiossane.org<\/p>","protected":false},"author":1,"featured_media":0,"parent":2356,"menu_order":0,"comment_status":"closed","ping_status":"closed","template":"","meta":{"_acf_changed":false,"site-sidebar-layout":"no-sidebar","site-content-layout":"page-builder","ast-site-content-layout":"full-width-container","site-content-style":"unboxed","site-sidebar-style":"unboxed","ast-global-header-display":"","ast-banner-title-visibility":"","ast-main-header-display":"","ast-hfb-above-header-display":"","ast-hfb-below-header-display":"","ast-hfb-mobile-header-display":"","site-post-title":"disabled","ast-breadcrumbs-content":"disabled","ast-featured-img":"disabled","footer-sml-layout":"","theme-transparent-header-meta":"enabled","adv-header-id-meta":"","stick-header-meta":"","header-above-stick-meta":"","header-main-stick-meta":"","header-below-stick-meta":"","astra-migrate-meta-layouts":"set","ast-page-background-enabled":"default","ast-page-background-meta":{"desktop":{"background-color":"","background-image":"","background-repeat":"repeat","background-position":"center center","background-size":"auto","background-attachment":"scroll","background-type":"","background-media":"","overlay-type":"","overlay-color":"","overlay-opacity":"","overlay-gradient":""},"tablet":{"background-color":"","background-image":"","background-repeat":"repeat","background-position":"center center","background-size":"auto","background-attachment":"scroll","background-type":"","background-media":"","overlay-type":"","overlay-color":"","overlay-opacity":"","overlay-gradient":""},"mobile":{"background-color":"","background-image":"","background-repeat":"repeat","background-position":"center center","background-size":"auto","background-attachment":"scroll","background-type":"","background-media":"","overlay-type":"","overlay-color":"","overlay-opacity":"","overlay-gradient":""}},"ast-content-background-meta":{"desktop":{"background-color":"var(--ast-global-color-5)","background-image":"","background-repeat":"repeat","background-position":"center center","background-size":"auto","background-attachment":"scroll","background-type":"","background-media":"","overlay-type":"","overlay-color":"","overlay-opacity":"","overlay-gradient":""},"tablet":{"background-color":"var(--ast-global-color-5)","background-image":"","background-repeat":"repeat","background-position":"center center","background-size":"auto","background-attachment":"scroll","background-type":"","background-media":"","overlay-type":"","overlay-color":"","overlay-opacity":"","overlay-gradient":""},"mobile":{"background-color":"var(--ast-global-color-5)","background-image":"","background-repeat":"repeat","background-position":"center center","background-size":"auto","background-attachment":"scroll","background-type":"","background-media":"","overlay-type":"","overlay-color":"","overlay-opacity":"","overlay-gradient":""}},"footnotes":""},"class_list":["post-3219","page","type-page","status-publish","hentry"],"acf":[],"_links":{"self":[{"href":"https:\/\/panafro-networks.com\/pt\/wp-json\/wp\/v2\/pages\/3219","targetHints":{"allow":["GET"]}}],"collection":[{"href":"https:\/\/panafro-networks.com\/pt\/wp-json\/wp\/v2\/pages"}],"about":[{"href":"https:\/\/panafro-networks.com\/pt\/wp-json\/wp\/v2\/types\/page"}],"author":[{"embeddable":true,"href":"https:\/\/panafro-networks.com\/pt\/wp-json\/wp\/v2\/users\/1"}],"replies":[{"embeddable":true,"href":"https:\/\/panafro-networks.com\/pt\/wp-json\/wp\/v2\/comments?post=3219"}],"version-history":[{"count":4,"href":"https:\/\/panafro-networks.com\/pt\/wp-json\/wp\/v2\/pages\/3219\/revisions"}],"predecessor-version":[{"id":3226,"href":"https:\/\/panafro-networks.com\/pt\/wp-json\/wp\/v2\/pages\/3219\/revisions\/3226"}],"up":[{"embeddable":true,"href":"https:\/\/panafro-networks.com\/pt\/wp-json\/wp\/v2\/pages\/2356"}],"wp:attachment":[{"href":"https:\/\/panafro-networks.com\/pt\/wp-json\/wp\/v2\/media?parent=3219"}],"curies":[{"name":"wp","href":"https:\/\/api.w.org\/{rel}","templated":true}]}}