{"id":1328,"date":"2023-10-06T10:01:31","date_gmt":"2023-10-06T10:01:31","guid":{"rendered":"https:\/\/panafro-networks.com\/?page_id=1328"},"modified":"2023-10-06T11:21:12","modified_gmt":"2023-10-06T11:21:12","slug":"politica-de-privacidade","status":"publish","type":"page","link":"https:\/\/panafro-networks.com\/pt\/politica-de-privacidade\/","title":{"rendered":"POL\u00cdTICA DE PRIVACIDADE"},"content":{"rendered":"<div data-elementor-type=\"wp-page\" data-elementor-id=\"1328\" class=\"elementor elementor-1328\" data-elementor-post-type=\"page\">\n\t\t\t\t\t\t<section class=\"elementor-section elementor-top-section elementor-element elementor-element-2e7999a elementor-section-full_width elementor-section-height-default elementor-section-height-default wpr-particle-no wpr-jarallax-no wpr-parallax-no wpr-sticky-section-no\" data-id=\"2e7999a\" data-element_type=\"section\" data-e-type=\"section\" data-settings=\"{&quot;background_background&quot;:&quot;classic&quot;,&quot;shape_divider_bottom&quot;:&quot;opacity-fan&quot;}\">\n\t\t\t\t\t\t\t<div class=\"elementor-background-overlay\"><\/div>\n\t\t\t\t\t\t<div class=\"elementor-shape elementor-shape-bottom\" aria-hidden=\"true\" data-negative=\"false\">\n\t\t\t<svg xmlns=\"http:\/\/www.w3.org\/2000\/svg\" viewbox=\"0 0 283.5 19.6\" preserveaspectratio=\"none\">\n\t<path class=\"elementor-shape-fill\" style=\"opacity:0.33\" d=\"M0 0L0 18.8 141.8 4.1 283.5 18.8 283.5 0z\"\/>\n\t<path class=\"elementor-shape-fill\" style=\"opacity:0.33\" d=\"M0 0L0 12.6 141.8 4 283.5 12.6 283.5 0z\"\/>\n\t<path class=\"elementor-shape-fill\" style=\"opacity:0.33\" d=\"M0 0L0 6.4 141.8 4 283.5 6.4 283.5 0z\"\/>\n\t<path class=\"elementor-shape-fill\" d=\"M0 0L0 1.2 141.8 4 283.5 1.2 283.5 0z\"\/>\n<\/svg>\t\t<\/div>\n\t\t\t\t\t<div class=\"elementor-container elementor-column-gap-no\">\n\t\t\t\t\t<div class=\"elementor-column elementor-col-100 elementor-top-column elementor-element elementor-element-1c4544c\" data-id=\"1c4544c\" data-element_type=\"column\" data-e-type=\"column\">\n\t\t\t<div class=\"elementor-widget-wrap elementor-element-populated\">\n\t\t\t\t\t\t<div class=\"elementor-element elementor-element-14d7be3 elementor-widget elementor-widget-heading\" data-id=\"14d7be3\" data-element_type=\"widget\" data-e-type=\"widget\" data-widget_type=\"heading.default\">\n\t\t\t\t<div class=\"elementor-widget-container\">\n\t\t\t\t\t<h3 class=\"elementor-heading-title elementor-size-default\">Pol\u00edtica de privacidade<\/h3>\t\t\t\t<\/div>\n\t\t\t\t<\/div>\n\t\t\t\t\t<\/div>\n\t\t<\/div>\n\t\t\t\t\t<\/div>\n\t\t<\/section>\n\t\t<div class=\"elementor-element elementor-element-e397320 e-flex e-con-boxed wpr-particle-no wpr-jarallax-no wpr-parallax-no wpr-sticky-section-no e-con e-parent\" data-id=\"e397320\" data-element_type=\"container\" data-e-type=\"container\" data-settings=\"{&quot;background_background&quot;:&quot;classic&quot;}\">\n\t\t\t\t\t<div class=\"e-con-inner\">\n\t\t\t\t<div class=\"elementor-element elementor-element-a86f2d3 premium-title-color elementor-widget elementor-widget-premium-addon-title\" data-id=\"a86f2d3\" data-element_type=\"widget\" data-e-type=\"widget\" data-widget_type=\"premium-addon-title.default\">\n\t\t\t\t<div class=\"elementor-widget-container\">\n\t\t\t\t\t\n\t\t<div class=\"premium-title-container style1\">\n\t\t\t<h2 class=\"premium-title-header premium-title-style1\">\n\t\t\t\t\n\t\t\t\t\n\t\t\t\t\t\t\t\t\t\t\t\t<span class=\"premium-title-text\">\n\t\t\t\t\tREDES PANAFRO\t\t\t\t<\/span>\n\t\t\t\t\t\n\t\t\t\t\t\t\t\t\n\t\t\t\t\t\t\t<\/h2>\n\n\t\t<\/div>\n\n\t\t\t\t\t\t<\/div>\n\t\t\t\t<\/div>\n\t\t\t\t\t<\/div>\n\t\t\t\t<\/div>\n\t\t\t\t<section class=\"elementor-section elementor-top-section elementor-element elementor-element-jap4dlp elementor-section-full_width elementor-section-content-bottom elementor-section-height-default elementor-section-height-default wpr-particle-no wpr-jarallax-no wpr-parallax-no wpr-sticky-section-no\" data-id=\"jap4dlp\" data-element_type=\"section\" data-e-type=\"section\" data-settings=\"{&quot;background_background&quot;:&quot;classic&quot;}\">\n\t\t\t\t\t\t<div class=\"elementor-container elementor-column-gap-no\">\n\t\t\t\t\t<div class=\"elementor-column elementor-col-100 elementor-top-column elementor-element elementor-element-97542c7\" data-id=\"97542c7\" data-element_type=\"column\" data-e-type=\"column\">\n\t\t\t<div class=\"elementor-widget-wrap elementor-element-populated\">\n\t\t\t\t\t\t<div class=\"elementor-element elementor-element-4ce7560 elementor-widget elementor-widget-text-editor\" data-id=\"4ce7560\" data-element_type=\"widget\" data-e-type=\"widget\" data-widget_type=\"text-editor.default\">\n\t\t\t\t<div class=\"elementor-widget-container\">\n\t\t\t\t\t\t\t\t\t<div class=\"elementor-element elementor-element-39beafe elementor-widget elementor-widget-text-editor\" data-id=\"39beafe\" data-element_type=\"widget\" data-widget_type=\"text-editor.default\"><div class=\"elementor-widget-container\"><p>Bem-vindo \u00e0 Panafrotravel (o \"S\u00edtio\"). Na PANAFRO NETWORKS, (\"n\u00f3s\", \"nos\", \"nosso\"), levamos muito a s\u00e9rio a prote\u00e7\u00e3o das suas informa\u00e7\u00f5es pessoais e estamos empenhados em respeitar a sua privacidade. Esta Pol\u00edtica de Privacidade descreve a forma como recolhemos, utilizamos e protegemos as informa\u00e7\u00f5es pessoais que nos fornece no Site.<\/p><\/div><\/div><div class=\"elementor-element elementor-element-88d26a2 elementor-widget elementor-widget-text-editor\" data-id=\"88d26a2\" data-element_type=\"widget\" data-widget_type=\"text-editor.default\"><div class=\"elementor-widget-container\"><p>A utiliza\u00e7\u00e3o deste s\u00edtio constitui a aceita\u00e7\u00e3o de todos os termos e condi\u00e7\u00f5es de utiliza\u00e7\u00e3o abaixo indicados, incluindo as pol\u00edticas e termos de servi\u00e7o aqui referidos.<\/p><\/div><\/div>\t\t\t\t\t\t\t\t<\/div>\n\t\t\t\t<\/div>\n\t\t\t\t<div class=\"elementor-element elementor-element-0bfdb7c elementor-widget-divider--view-line elementor-widget elementor-widget-divider\" data-id=\"0bfdb7c\" data-element_type=\"widget\" data-e-type=\"widget\" data-widget_type=\"divider.default\">\n\t\t\t\t<div class=\"elementor-widget-container\">\n\t\t\t\t\t\t\t<div class=\"elementor-divider\">\n\t\t\t<span class=\"elementor-divider-separator\">\n\t\t\t\t\t\t<\/span>\n\t\t<\/div>\n\t\t\t\t\t\t<\/div>\n\t\t\t\t<\/div>\n\t\t\t\t\t<\/div>\n\t\t<\/div>\n\t\t\t\t\t<\/div>\n\t\t<\/section>\n\t\t\t\t<section class=\"elementor-section elementor-top-section elementor-element elementor-element-9n7t4qc elementor-section-full_width elementor-section-content-bottom elementor-section-height-default elementor-section-height-default wpr-particle-no wpr-jarallax-no wpr-parallax-no wpr-sticky-section-no\" data-id=\"9n7t4qc\" data-element_type=\"section\" data-e-type=\"section\" data-settings=\"{&quot;background_background&quot;:&quot;classic&quot;}\">\n\t\t\t\t\t\t<div class=\"elementor-container elementor-column-gap-no\">\n\t\t\t\t\t<div class=\"elementor-column elementor-col-50 elementor-top-column elementor-element elementor-element-ecb87e6\" data-id=\"ecb87e6\" data-element_type=\"column\" data-e-type=\"column\">\n\t\t\t<div class=\"elementor-widget-wrap elementor-element-populated\">\n\t\t\t\t\t\t<section class=\"elementor-section elementor-inner-section elementor-element elementor-element-35f5cd8 elementor-reverse-tablet elementor-reverse-mobile elementor-section-boxed elementor-section-height-default elementor-section-height-default wpr-particle-no wpr-jarallax-no wpr-parallax-no wpr-sticky-section-no\" data-id=\"35f5cd8\" data-element_type=\"section\" data-e-type=\"section\">\n\t\t\t\t\t\t<div class=\"elementor-container elementor-column-gap-default\">\n\t\t\t\t\t\t<\/div>\n\t\t<\/section>\n\t\t\t\t\t<\/div>\n\t\t<\/div>\n\t\t\t\t\t<\/div>\n\t\t<\/section>\n\t\t\t\t<section class=\"elementor-section elementor-top-section elementor-element elementor-element-bf3f4d0 elementor-section-boxed elementor-section-height-default elementor-section-height-default wpr-particle-no wpr-jarallax-no wpr-parallax-no wpr-sticky-section-no\" data-id=\"bf3f4d0\" data-element_type=\"section\" data-e-type=\"section\" data-settings=\"{&quot;background_background&quot;:&quot;classic&quot;}\">\n\t\t\t\t\t\t<div class=\"elementor-container elementor-column-gap-default\">\n\t\t\t\t\t<div class=\"elementor-column elementor-col-100 elementor-top-column elementor-element elementor-element-55937a3\" data-id=\"55937a3\" data-element_type=\"column\" data-e-type=\"column\">\n\t\t\t<div class=\"elementor-widget-wrap elementor-element-populated\">\n\t\t\t\t\t\t<section class=\"elementor-section elementor-inner-section elementor-element elementor-element-fd120c2 elementor-section-full_width elementor-section-height-default elementor-section-height-default wpr-particle-no wpr-jarallax-no wpr-parallax-no wpr-sticky-section-no\" data-id=\"fd120c2\" data-element_type=\"section\" data-e-type=\"section\">\n\t\t\t\t\t\t<div class=\"elementor-container elementor-column-gap-default\">\n\t\t\t\t\t<div class=\"elementor-column elementor-col-100 elementor-inner-column elementor-element elementor-element-1f77936\" data-id=\"1f77936\" data-element_type=\"column\" data-e-type=\"column\">\n\t\t\t<div class=\"elementor-widget-wrap elementor-element-populated\">\n\t\t\t\t\t\t<div class=\"elementor-element elementor-element-f19dbe2 elementor-widget elementor-widget-wpr-team-member\" data-id=\"f19dbe2\" data-element_type=\"widget\" data-e-type=\"widget\" data-widget_type=\"wpr-team-member.default\">\n\t\t\t\t<div class=\"elementor-widget-container\">\n\t\t\t\t\t\n\t<div class=\"wpr-team-member\">\n\t\t\t\t\n\t\t\n\t\t<div class=\"wpr-member-content\">\n\t\t\t<h3 class=\"wpr-member-name\">1- Recolha e utiliza\u00e7\u00e3o de informa\u00e7\u00f5es<\/h3>\n\t\t\t\n\t\t\t\n\t\t\t\n\t\t\t\t\t\t\t<div class=\"wpr-member-description\">Recolhemos informa\u00e7\u00f5es quando visita o nosso site, subscreve a nossa newsletter, faz uma reserva ou preenche um formul\u00e1rio. As informa\u00e7\u00f5es recolhidas podem incluir o seu nome, endere\u00e7o de correio eletr\u00f3nico, n\u00famero de telefone e outras informa\u00e7\u00f5es relevantes para a sua viagem.\n\nUtilizamos estas informa\u00e7\u00f5es para lhe fornecer os servi\u00e7os solicitados, para personalizar a sua experi\u00eancia no nosso site, para melhorar o nosso servi\u00e7o ao cliente e para o notificar de actualiza\u00e7\u00f5es importantes. Podemos tamb\u00e9m utilizar as suas informa\u00e7\u00f5es para lhe enviar informa\u00e7\u00f5es e ofertas promocionais relacionadas com os nossos servi\u00e7os, mas pode anular a subscri\u00e7\u00e3o destas comunica\u00e7\u00f5es em qualquer altura.<\/div>\n\t\t\t\t\t\t\n\t\t\t\t\t<\/div>\n\n\t\t\t<\/div>\n\n\t\t\t\t\t<\/div>\n\t\t\t\t<\/div>\n\t\t\t\t<div class=\"elementor-element elementor-element-882c4cc elementor-widget elementor-widget-wpr-team-member\" data-id=\"882c4cc\" data-element_type=\"widget\" data-e-type=\"widget\" data-widget_type=\"wpr-team-member.default\">\n\t\t\t\t<div class=\"elementor-widget-container\">\n\t\t\t\t\t\n\t<div class=\"wpr-team-member\">\n\t\t\t\t\n\t\t\n\t\t<div class=\"wpr-member-content\">\n\t\t\t<h3 class=\"wpr-member-name\">2- Prote\u00e7\u00e3o da informa\u00e7\u00e3o<\/h3>\n\t\t\t\n\t\t\t\n\t\t\t\n\t\t\t\t\t\t\t<div class=\"wpr-member-description\">A seguran\u00e7a das suas informa\u00e7\u00f5es pessoais \u00e9 uma prioridade para n\u00f3s. Implementamos medidas de seguran\u00e7a t\u00e9cnicas e organizacionais para proteger as suas informa\u00e7\u00f5es contra o acesso n\u00e3o autorizado, perda ou modifica\u00e7\u00e3o.<\/div>\n\t\t\t\t\t\t\n\t\t\t\t\t<\/div>\n\n\t\t\t<\/div>\n\n\t\t\t\t\t<\/div>\n\t\t\t\t<\/div>\n\t\t\t\t<div class=\"elementor-element elementor-element-e07b853 elementor-widget elementor-widget-wpr-team-member\" data-id=\"e07b853\" data-element_type=\"widget\" data-e-type=\"widget\" data-widget_type=\"wpr-team-member.default\">\n\t\t\t\t<div class=\"elementor-widget-container\">\n\t\t\t\t\t\n\t<div class=\"wpr-team-member\">\n\t\t\t\t\n\t\t\n\t\t<div class=\"wpr-member-content\">\n\t\t\t<h3 class=\"wpr-member-name\">3 - Partilhar informa\u00e7\u00f5es<\/h3>\n\t\t\t\n\t\t\t\n\t\t\t\n\t\t\t\t\t\t\t<div class=\"wpr-member-description\">N\u00e3o vendemos, trocamos ou alugamos as suas informa\u00e7\u00f5es pessoais a terceiros para fins de marketing. No entanto, podemos partilhar as suas informa\u00e7\u00f5es com parceiros de confian\u00e7a que nos ajudam a operar o nosso s\u00edtio ou a fornecer servi\u00e7os relacionados. Exigimos que estes terceiros respeitem a confidencialidade das suas informa\u00e7\u00f5es.<\/div>\n\t\t\t\t\t\t\n\t\t\t\t\t<\/div>\n\n\t\t\t<\/div>\n\n\t\t\t\t\t<\/div>\n\t\t\t\t<\/div>\n\t\t\t\t<div class=\"elementor-element elementor-element-8568abd elementor-widget elementor-widget-wpr-team-member\" data-id=\"8568abd\" data-element_type=\"widget\" data-e-type=\"widget\" data-widget_type=\"wpr-team-member.default\">\n\t\t\t\t<div class=\"elementor-widget-container\">\n\t\t\t\t\t\n\t<div class=\"wpr-team-member\">\n\t\t\t\t\n\t\t\n\t\t<div class=\"wpr-member-content\">\n\t\t\t<h3 class=\"wpr-member-name\">4 - Bolachas<\/h3>\n\t\t\t\n\t\t\t\n\t\t\t\n\t\t\t\t\t\t\t<div class=\"wpr-member-description\">Os utilizadores s\u00e3o obrigados a fornecer informa\u00e7\u00f5es verdadeiras, exactas e completas quando se registam e reservam neste s\u00edtio. Al\u00e9m disso, o nosso s\u00edtio pode utilizar cookies para melhorar a sua experi\u00eancia de navega\u00e7\u00e3o, recolhendo dados como o seu endere\u00e7o IP, tipo de browser e prefer\u00eancias. \u00c9 poss\u00edvel desativar os cookies nas defini\u00e7\u00f5es do seu browser, no entanto, isto pode ter um impacto em algumas das funcionalidades do site. O utilizador \u00e9 totalmente respons\u00e1vel pela utiliza\u00e7\u00e3o do s\u00edtio e aceita indemnizar a PANAFRO NETWORKS por qualquer responsabilidade, perda ou dano, direto ou indireto, resultante da sua utiliza\u00e7\u00e3o do s\u00edtio ou da sua incapacidade de o utilizar.<\/div>\n\t\t\t\t\t\t\n\t\t\t\t\t<\/div>\n\n\t\t\t<\/div>\n\n\t\t\t\t\t<\/div>\n\t\t\t\t<\/div>\n\t\t\t\t<div class=\"elementor-element elementor-element-55acc46 elementor-widget elementor-widget-wpr-team-member\" data-id=\"55acc46\" data-element_type=\"widget\" data-e-type=\"widget\" data-widget_type=\"wpr-team-member.default\">\n\t\t\t\t<div class=\"elementor-widget-container\">\n\t\t\t\t\t\n\t<div class=\"wpr-team-member\">\n\t\t\t\t\n\t\t\n\t\t<div class=\"wpr-member-content\">\n\t\t\t<h3 class=\"wpr-member-name\">5 - Direito de acesso e retifica\u00e7\u00e3o<\/h3>\n\t\t\t\n\t\t\t\n\t\t\t\n\t\t\t\t\t\t\t<div class=\"wpr-member-description\">O utilizador tem o direito de aceder \u00e0s suas informa\u00e7\u00f5es pessoais na nossa posse e de as corrigir se estiverem incorrectas. Para exercer este direito, contacte-nos atrav\u00e9s do endere\u00e7o contact@panafrotravel.com .<\/div>\n\t\t\t\t\t\t\n\t\t\t\t\t<\/div>\n\n\t\t\t<\/div>\n\n\t\t\t\t\t<\/div>\n\t\t\t\t<\/div>\n\t\t\t\t<div class=\"elementor-element elementor-element-f63da24 elementor-widget elementor-widget-wpr-team-member\" data-id=\"f63da24\" data-element_type=\"widget\" data-e-type=\"widget\" data-widget_type=\"wpr-team-member.default\">\n\t\t\t\t<div class=\"elementor-widget-container\">\n\t\t\t\t\t\n\t<div class=\"wpr-team-member\">\n\t\t\t\t\n\t\t\n\t\t<div class=\"wpr-member-content\">\n\t\t\t<h3 class=\"wpr-member-name\">6 - Actualiza\u00e7\u00f5es de pol\u00edticas<\/h3>\n\t\t\t\n\t\t\t\n\t\t\t\n\t\t\t\t\t\t\t<div class=\"wpr-member-description\">Reservamo-nos o direito de atualizar esta Pol\u00edtica de Privacidade em qualquer altura. As altera\u00e7\u00f5es ser\u00e3o publicadas nesta p\u00e1gina com a data da atualiza\u00e7\u00e3o.<\/div>\n\t\t\t\t\t\t\n\t\t\t\t\t<\/div>\n\n\t\t\t<\/div>\n\n\t\t\t\t\t<\/div>\n\t\t\t\t<\/div>\n\t\t\t\t<div class=\"elementor-element elementor-element-3f730a3 elementor-widget elementor-widget-wpr-team-member\" data-id=\"3f730a3\" data-element_type=\"widget\" data-e-type=\"widget\" data-widget_type=\"wpr-team-member.default\">\n\t\t\t\t<div class=\"elementor-widget-container\">\n\t\t\t\t\t\n\t<div class=\"wpr-team-member\">\n\t\t\t\t\n\t\t\n\t\t<div class=\"wpr-member-content\">\n\t\t\t\n\t\t\t\n\t\t\t\n\t\t\t\n\t\t\t\t\t\t\t<div class=\"wpr-member-description\">Ao utilizar o nosso s\u00edtio, o utilizador concorda com a nossa Pol\u00edtica de Privacidade. Se tiver alguma d\u00favida sobre esta Pol\u00edtica de Privacidade, contacte-nos.<\/div>\n\t\t\t\t\t\t\n\t\t\t\t\t<\/div>\n\n\t\t\t<\/div>\n\n\t\t\t\t\t<\/div>\n\t\t\t\t<\/div>\n\t\t\t\t<div class=\"elementor-element elementor-element-746195c elementor-widget elementor-widget-wpr-team-member\" data-id=\"746195c\" data-element_type=\"widget\" data-e-type=\"widget\" data-widget_type=\"wpr-team-member.default\">\n\t\t\t\t<div class=\"elementor-widget-container\">\n\t\t\t\t\t\n\t<div class=\"wpr-team-member\">\n\t\t\t\t\n\t\t\n\t\t<div class=\"wpr-member-content\">\n\t\t\t\n\t\t\t\n\t\t\t\n\t\t\t\n\t\t\t\t\t\t\t<div class=\"wpr-member-description\">\u00daltima atualiza\u00e7\u00e3o: 05 de outubro de 2023.<\/div>\n\t\t\t\t\t\t\n\t\t\t\t\t<\/div>\n\n\t\t\t<\/div>\n\n\t\t\t\t\t<\/div>\n\t\t\t\t<\/div>\n\t\t\t\t\t<\/div>\n\t\t<\/div>\n\t\t\t\t\t<\/div>\n\t\t<\/section>\n\t\t\t\t\t<\/div>\n\t\t<\/div>\n\t\t\t\t\t<\/div>\n\t\t<\/section>\n\t\t\t\t<\/div>","protected":false},"excerpt":{"rendered":"<p>Politique de confidentialit\u00e9 PANAFRO NETWORKS Bienvenue sur Panafrotravel (le \u00ab Site \u00bb). Chez PANAFRO NETWORKS,(\u00ab nous \u00bb, \u00ab notre \u00bb, \u00ab nos \u00bb), nous prenons tr\u00e8s au s\u00e9rieux la protection de vos informations personnelles et nous nous engageons \u00e0 respecter votre vie priv\u00e9e. Cette Politique de Confidentialit\u00e9 d\u00e9crit comment nous collectons, utilisons et prot\u00e9geons les informations personnelles que vous nous fournissez sur le Site. L\u2019utilisation de ce site implique l\u2019acceptation de toutes les conditions g\u00e9n\u00e9rales d\u2019utilisation \u00e9nonc\u00e9es ci-dessous, y compris les politiques et les termes de service auxquels il est fait r\u00e9f\u00e9rence aux pr\u00e9sentes. 1- Collecte et Utilisation des Informations Nous collectons des informations lorsque vous visitez notre site, vous inscrivez \u00e0 notre newsletter, effectuez une r\u00e9servation ou remplissez un formulaire. Les informations collect\u00e9es peuvent inclure votre nom, adresse e-mail, num\u00e9ro de t\u00e9l\u00e9phone et d\u2019autres informations pertinentes pour votre voyage. Nous utilisons ces informations pour vous fournir les services que vous demandez, personnaliser votre exp\u00e9rience sur notre site, am\u00e9liorer notre service client et vous informer des mises \u00e0 jour importantes. Nous pouvons \u00e9galement utiliser vos informations pour vous envoyer des informations et des offres promotionnelles li\u00e9es \u00e0 nos services, mais vous pouvez \u00e0 tout moment vous d\u00e9sabonner de ces communications. 2- Protection des Informations La s\u00e9curit\u00e9 de vos informations personnelles est une priorit\u00e9 pour nous. Nous mettons en \u0153uvre des mesures de s\u00e9curit\u00e9 techniques et organisationnelles pour prot\u00e9ger vos informations contre tout acc\u00e8s non autoris\u00e9, perte ou modification. 3 &#8211; Partage d&rsquo;information Nous ne vendons, n&rsquo;\u00e9changeons ni ne louons vos informations personnelles \u00e0 des tiers \u00e0 des fins de marketing. Cependant, nous pouvons partager vos informations avec des partenaires de confiance qui nous aident \u00e0 exploiter notre site ou \u00e0 fournir des services connexes. Nous exigeons que ces tiers respectent la confidentialit\u00e9 de vos informations. 4 &#8211; Cookies Les utilisateurs sont tenus de fournir des informations v\u00e9ridiques, pr\u00e9cises et compl\u00e8tes lors de leur inscription et de la r\u00e9servation sur ce site. De plus, notre site peut utiliser des cookies pour am\u00e9liorer votre exp\u00e9rience de navigation, collectant ainsi des donn\u00e9es telles que votre adresse IP, votre type de navigateur et vos pr\u00e9f\u00e9rences. Il est possible de d\u00e9sactiver les cookies dans les param\u00e8tres de votre navigateur, cependant, cela pourrait avoir un impact sur certaines fonctionnalit\u00e9s du site. Les utilisateurs demeurent enti\u00e8rement responsables de leur utilisation du site et conviennent d&rsquo;indemniser PANAFRO NETWORKS contre toute responsabilit\u00e9, perte ou dommage direct ou indirect d\u00e9coulant de leur utilisation du site ou de leur incapacit\u00e9 \u00e0 l&rsquo;utiliser. 5 &#8211; Droit d&rsquo;Acc\u00e8s et de Rectification Vous avez le droit d&rsquo;acc\u00e9der \u00e0 vos informations personnelles que nous d\u00e9tenons et de les corriger si elles sont inexactes. Pour exercer ce droit, veuillez nous contacter \u00e0 contact@panafrotravel.com . 6 &#8211; Mises \u00e0 Jour de la Politique Nous nous r\u00e9servons le droit de mettre \u00e0 jour cette Politique de Confidentialit\u00e9 \u00e0 tout moment. Les changements seront publi\u00e9s sur cette page avec la date de mise \u00e0 jour. En utilisant notre site, vous consentez \u00e0 notre Politique de Confidentialit\u00e9. Si vous avez des questions concernant cette Politique de Confidentialit\u00e9, veuillez nous contacter. Derni\u00e8re mise \u00e0 jour : 05 Octobre 2023.<\/p>","protected":false},"author":1,"featured_media":0,"parent":0,"menu_order":0,"comment_status":"closed","ping_status":"closed","template":"elementor_theme","meta":{"_acf_changed":false,"site-sidebar-layout":"no-sidebar","site-content-layout":"page-builder","ast-site-content-layout":"","site-content-style":"default","site-sidebar-style":"default","ast-global-header-display":"","ast-banner-title-visibility":"","ast-main-header-display":"","ast-hfb-above-header-display":"","ast-hfb-below-header-display":"","ast-hfb-mobile-header-display":"","site-post-title":"disabled","ast-breadcrumbs-content":"disabled","ast-featured-img":"disabled","footer-sml-layout":"","theme-transparent-header-meta":"enabled","adv-header-id-meta":"","stick-header-meta":"","header-above-stick-meta":"","header-main-stick-meta":"","header-below-stick-meta":"","astra-migrate-meta-layouts":"default","ast-page-background-enabled":"default","ast-page-background-meta":{"desktop":{"background-color":"","background-image":"","background-repeat":"repeat","background-position":"center center","background-size":"auto","background-attachment":"scroll","background-type":"","background-media":"","overlay-type":"","overlay-color":"","overlay-opacity":"","overlay-gradient":""},"tablet":{"background-color":"","background-image":"","background-repeat":"repeat","background-position":"center center","background-size":"auto","background-attachment":"scroll","background-type":"","background-media":"","overlay-type":"","overlay-color":"","overlay-opacity":"","overlay-gradient":""},"mobile":{"background-color":"","background-image":"","background-repeat":"repeat","background-position":"center center","background-size":"auto","background-attachment":"scroll","background-type":"","background-media":"","overlay-type":"","overlay-color":"","overlay-opacity":"","overlay-gradient":""}},"ast-content-background-meta":{"desktop":{"background-color":"var(--ast-global-color-5)","background-image":"","background-repeat":"repeat","background-position":"center center","background-size":"auto","background-attachment":"scroll","background-type":"","background-media":"","overlay-type":"","overlay-color":"","overlay-opacity":"","overlay-gradient":""},"tablet":{"background-color":"var(--ast-global-color-5)","background-image":"","background-repeat":"repeat","background-position":"center center","background-size":"auto","background-attachment":"scroll","background-type":"","background-media":"","overlay-type":"","overlay-color":"","overlay-opacity":"","overlay-gradient":""},"mobile":{"background-color":"var(--ast-global-color-5)","background-image":"","background-repeat":"repeat","background-position":"center center","background-size":"auto","background-attachment":"scroll","background-type":"","background-media":"","overlay-type":"","overlay-color":"","overlay-opacity":"","overlay-gradient":""}},"footnotes":""},"class_list":["post-1328","page","type-page","status-publish","hentry"],"acf":[],"_links":{"self":[{"href":"https:\/\/panafro-networks.com\/pt\/wp-json\/wp\/v2\/pages\/1328","targetHints":{"allow":["GET"]}}],"collection":[{"href":"https:\/\/panafro-networks.com\/pt\/wp-json\/wp\/v2\/pages"}],"about":[{"href":"https:\/\/panafro-networks.com\/pt\/wp-json\/wp\/v2\/types\/page"}],"author":[{"embeddable":true,"href":"https:\/\/panafro-networks.com\/pt\/wp-json\/wp\/v2\/users\/1"}],"replies":[{"embeddable":true,"href":"https:\/\/panafro-networks.com\/pt\/wp-json\/wp\/v2\/comments?post=1328"}],"version-history":[{"count":8,"href":"https:\/\/panafro-networks.com\/pt\/wp-json\/wp\/v2\/pages\/1328\/revisions"}],"predecessor-version":[{"id":1349,"href":"https:\/\/panafro-networks.com\/pt\/wp-json\/wp\/v2\/pages\/1328\/revisions\/1349"}],"wp:attachment":[{"href":"https:\/\/panafro-networks.com\/pt\/wp-json\/wp\/v2\/media?parent=1328"}],"curies":[{"name":"wp","href":"https:\/\/api.w.org\/{rel}","templated":true}]}}