{"id":3448,"date":"2025-05-01T16:18:20","date_gmt":"2025-05-01T16:18:20","guid":{"rendered":"https:\/\/panafro-networks.com\/?page_id=3448"},"modified":"2025-06-16T11:11:24","modified_gmt":"2025-06-16T11:11:24","slug":"inicio-2","status":"publish","type":"page","link":"https:\/\/panafro-networks.com\/es\/inicio-2\/","title":{"rendered":"Sal\u00f3n de Autores"},"content":{"rendered":"<div data-elementor-type=\"wp-page\" data-elementor-id=\"3448\" class=\"elementor elementor-3448\" data-elementor-post-type=\"page\">\n\t\t\t\t\t\t<section class=\"elementor-section elementor-top-section elementor-element elementor-element-f62a59f elementor-hidden-mobile elementor-section-boxed elementor-section-height-default elementor-section-height-default wpr-particle-no wpr-jarallax-no wpr-parallax-no wpr-sticky-section-no\" data-id=\"f62a59f\" data-element_type=\"section\" data-e-type=\"section\" data-settings=\"{&quot;background_background&quot;:&quot;classic&quot;}\">\n\t\t\t\t\t\t\t<div class=\"elementor-background-overlay\"><\/div>\n\t\t\t\t\t\t\t<div class=\"elementor-container elementor-column-gap-no\">\n\t\t\t\t\t<div class=\"elementor-column elementor-col-50 elementor-top-column elementor-element elementor-element-ff9fe56\" data-id=\"ff9fe56\" data-element_type=\"column\" data-e-type=\"column\">\n\t\t\t<div class=\"elementor-widget-wrap elementor-element-populated\">\n\t\t\t\t\t\t<div class=\"elementor-element elementor-element-f76db60 elementor-widget elementor-widget-heading\" data-id=\"f76db60\" data-element_type=\"widget\" data-e-type=\"widget\" data-widget_type=\"heading.default\">\n\t\t\t\t<div class=\"elementor-widget-container\">\n\t\t\t\t\t<h3 class=\"elementor-heading-title elementor-size-default\">Sal\u00f3n de Autores Africanos y Afrodescendientes de Par\u00eds<\/h3>\t\t\t\t<\/div>\n\t\t\t\t<\/div>\n\t\t\t\t\t<\/div>\n\t\t<\/div>\n\t\t\t\t<div class=\"elementor-column elementor-col-50 elementor-top-column elementor-element elementor-element-9c88a52 elementor-hidden-mobile\" data-id=\"9c88a52\" data-element_type=\"column\" data-e-type=\"column\">\n\t\t\t<div class=\"elementor-widget-wrap\">\n\t\t\t\t\t\t\t<\/div>\n\t\t<\/div>\n\t\t\t\t\t<\/div>\n\t\t<\/section>\n\t\t<div class=\"elementor-element elementor-element-1207e84 e-flex e-con-boxed wpr-particle-no wpr-jarallax-no wpr-parallax-no wpr-sticky-section-no e-con e-parent\" data-id=\"1207e84\" data-element_type=\"container\" data-e-type=\"container\" data-settings=\"{&quot;background_background&quot;:&quot;classic&quot;}\">\n\t\t\t\t\t<div class=\"e-con-inner\">\n\t\t<div class=\"elementor-element elementor-element-30c30d0 e-con-full e-flex wpr-particle-no wpr-jarallax-no wpr-parallax-no wpr-sticky-section-no e-con e-child\" data-id=\"30c30d0\" data-element_type=\"container\" data-e-type=\"container\">\n\t\t\t\t<div class=\"elementor-element elementor-element-f432cc2 elementor-widget elementor-widget-heading\" data-id=\"f432cc2\" data-element_type=\"widget\" data-e-type=\"widget\" data-widget_type=\"heading.default\">\n\t\t\t\t<div class=\"elementor-widget-container\">\n\t\t\t\t\t<h1 class=\"elementor-heading-title elementor-size-default\">\u2709\ufe0f Invitaci\u00f3n al Sal\u00f3n de Autores Africanos y Afrodescendientes de Par\u00eds<\/h1>\t\t\t\t<\/div>\n\t\t\t\t<\/div>\n\t\t\t\t<div class=\"elementor-element elementor-element-7fe0729 elementor-widget elementor-widget-text-editor\" data-id=\"7fe0729\" data-element_type=\"widget\" data-e-type=\"widget\" data-widget_type=\"text-editor.default\">\n\t\t\t\t<div class=\"elementor-widget-container\">\n\t\t\t\t\t\t\t\t\t<p>La asociaci\u00f3n <strong style=\"font-weight: 400;\" data-start=\"411\" data-end=\"431\">Dekkal Thiossane<\/strong> celebra su <strong style=\"font-weight: 400;\" data-start=\"444\" data-end=\"476\">20 a\u00f1os de compromiso cultural<\/strong> y le invita a participar en un acontecimiento literario \u00fanico:<br data-start=\"539\" data-end=\"542\" \/><b>Sal\u00f3n de Autores Africanos y Afrodescendientes de PAR\u00cdS<\/b><span style=\"font-weight: 400;\">que se celebrar\u00e1 el <strong data-start=\"587\" data-end=\"613\">27, 28 y 29 de junio de 2025<\/strong><br data-start=\"613\" data-end=\"616\" \/>\ud83d\udccd <strong data-start=\"619\" data-end=\"660\">Ayuntamiento del distrito 15 de Par\u00eds<\/strong> - 31 Rue P\u00e9clet (Metro Vaugirard)<\/span><\/p>\t\t\t\t\t\t\t\t<\/div>\n\t\t\t\t<\/div>\n\t\t\t\t<div class=\"elementor-element elementor-element-e5a7eb9 elementor-widget elementor-widget-heading\" data-id=\"e5a7eb9\" data-element_type=\"widget\" data-e-type=\"widget\" data-widget_type=\"heading.default\">\n\t\t\t\t<div class=\"elementor-widget-container\">\n\t\t\t\t\t<h1 class=\"elementor-heading-title elementor-size-default\">\ud83d\udca1 \u00bfPor qu\u00e9 participar?<\/h1>\t\t\t\t<\/div>\n\t\t\t\t<\/div>\n\t\t\t\t<div class=\"elementor-element elementor-element-75b15cc elementor-widget elementor-widget-text-editor\" data-id=\"75b15cc\" data-element_type=\"widget\" data-e-type=\"widget\" data-widget_type=\"text-editor.default\">\n\t\t\t\t<div class=\"elementor-widget-container\">\n\t\t\t\t\t\t\t\t\t<p style=\"font-weight: 400;\">\u2192 Exponer, vender y promocionar sus obras en un entorno de prestigio.<br data-start=\"807\" data-end=\"810\" \/>\u2192 Conoce a otros autores y ampl\u00eda tu red de contactos<br data-start=\"868\" data-end=\"871\" \/>\u2192 Darse a conocer a un p\u00fablico apasionado y comprometido.<\/p>\t\t\t\t\t\t\t\t<\/div>\n\t\t\t\t<\/div>\n\t\t\t\t<div class=\"elementor-element elementor-element-d2eedb7 elementor-widget elementor-widget-heading\" data-id=\"d2eedb7\" data-element_type=\"widget\" data-e-type=\"widget\" data-widget_type=\"heading.default\">\n\t\t\t\t<div class=\"elementor-widget-container\">\n\t\t\t\t\t<h1 class=\"elementor-heading-title elementor-size-default\">\ud83d\udecd\ufe0f Elija su paquete<\/h1>\t\t\t\t<\/div>\n\t\t\t\t<\/div>\n\t\t\t\t<div class=\"elementor-element elementor-element-2eacaf5 elementor-widget elementor-widget-text-editor\" data-id=\"2eacaf5\" data-element_type=\"widget\" data-e-type=\"widget\" data-widget_type=\"text-editor.default\">\n\t\t\t\t<div class=\"elementor-widget-container\">\n\t\t\t\t\t\t\t\t\t<p style=\"font-weight: 400;\">Existen tres paquetes de participaci\u00f3n que se adaptan a sus necesidades:\u00a0<\/p><table><thead><tr><th>Paquete<\/th><th>Detalles<\/th><th>Tarifa diaria<\/th><\/tr><\/thead><tbody><tr><td><strong>B\u00c1SICO<\/strong><\/td><td>Mesa de exposici\u00f3n y venta (para 2 personas)<\/td><td><strong>30 \u20ac<\/strong><\/td><\/tr><tr><td><strong>MEDIO<\/strong><\/td><td>Mesa + Promoci\u00f3n en un medio de comunicaci\u00f3n asociado<\/td><td><strong>50 \u20ac<\/strong><\/td><\/tr><tr><td><strong>ORO<\/strong><\/td><td>Mesa + Promoci\u00f3n en los medios + Anuncio del maestro de ceremonias<\/td><td><strong>80 \u20ac<\/strong><\/td><\/tr><\/tbody><\/table>\t\t\t\t\t\t\t\t<\/div>\n\t\t\t\t<\/div>\n\t\t\t\t<div class=\"elementor-element elementor-element-5c2690d elementor-widget elementor-widget-text-editor\" data-id=\"5c2690d\" data-element_type=\"widget\" data-e-type=\"widget\" data-widget_type=\"text-editor.default\">\n\t\t\t\t<div class=\"elementor-widget-container\">\n\t\t\t\t\t\t\t\t\t<p style=\"font-weight: 400;\">Puedes elegir <strong data-start=\"1372\" data-end=\"1397\">uno o m\u00e1s d\u00edas<\/strong> asistencia :<br data-start=\"1411\" data-end=\"1414\" \/><strong data-start=\"1414\" data-end=\"1431\">Viernes 27 de junio<\/strong>, <strong data-start=\"1433\" data-end=\"1453\">S\u00e1bado<\/strong><strong data-start=\"1433\" data-end=\"1453\">\u00a028 de junio<\/strong>o <strong data-start=\"1433\" data-end=\"1453\">Domingo<\/strong><strong data-start=\"1458\" data-end=\"1481\">\u00a029 de junio de 2025<\/strong><\/p>\t\t\t\t\t\t\t\t<\/div>\n\t\t\t\t<\/div>\n\t\t\t\t<\/div>\n\t\t<div class=\"elementor-element elementor-element-62b7203 e-con-full e-flex wpr-particle-no wpr-jarallax-no wpr-parallax-no wpr-sticky-section-no e-con e-child\" data-id=\"62b7203\" data-element_type=\"container\" data-e-type=\"container\">\n\t\t\t\t<div class=\"elementor-element elementor-element-edbb8fa elementor-widget elementor-widget-heading\" data-id=\"edbb8fa\" data-element_type=\"widget\" data-e-type=\"widget\" data-widget_type=\"heading.default\">\n\t\t\t\t<div class=\"elementor-widget-container\">\n\t\t\t\t\t<h1 class=\"elementor-heading-title elementor-size-default\">Inscr\u00edbete ahora<\/h1>\t\t\t\t<\/div>\n\t\t\t\t<\/div>\n\t\t\t\t<div class=\"elementor-element elementor-element-67694f4 elementor-widget elementor-widget-shortcode\" data-id=\"67694f4\" data-element_type=\"widget\" data-e-type=\"widget\" data-widget_type=\"shortcode.default\">\n\t\t\t\t<div class=\"elementor-widget-container\">\n\t\t\t\t\t\t\t<div class=\"elementor-shortcode\"><p>Las inscripciones para 2025 ya est\u00e1n cerradas. Vuelva m\u00e1s tarde<\/p><\/div>\n\t\t\t\t\t\t<\/div>\n\t\t\t\t<\/div>\n\t\t\t\t<\/div>\n\t\t\t\t\t<\/div>\n\t\t\t\t<\/div>\n\t\t\t\t<\/div>","protected":false},"excerpt":{"rendered":"<p>Salon des Auteurs Africains et Afro-descendants de Paris \u2709\ufe0f Invitation au Salon des Auteurs Africains et Afro-descendants de Paris L&rsquo;association Dekkal Thiossane c\u00e9l\u00e8bre ses 20 ans d\u2019engagement culturel et vous invite \u00e0 participer \u00e0 un \u00e9v\u00e9nement litt\u00e9raire in\u00e9dit :Le Salon des Auteurs Africains et Afro-descendants de PARIS, qui se tiendra les 27, 28 et 29 juin 2025\ud83d\udccd Mairie du 15e arrondissement de Paris \u2013 31 Rue P\u00e9clet (M\u00e9tro Vaugirard) \ud83d\udca1 Pourquoi participer ? \u2192 Pour exposer, vendre et faire rayonner vos \u0153uvres dans un cadre prestigieux\u2192 Pour rencontrer d\u2019autres auteurs et \u00e9largir votre r\u00e9seau\u2192 Pour vous faire conna\u00eetre aupr\u00e8s d\u2019un public passionn\u00e9 et engag\u00e9 \ud83d\udecd\ufe0f Choisissez votre formule Trois packs de participation sont disponibles pour s\u2019adapter \u00e0 vos besoins :\u00a0 Pack D\u00e9tails Tarif journalier BASIQUE Table d\u2019exposition-vente (Pour 2 personnes) 30 \u20ac MEDIUM Table + Promotion dans un m\u00e9dia partenaire 50 \u20ac GOLD Table + Promotion m\u00e9dia + Annonce par le MC 80 \u20ac \ud83d\udccc Vous pouvez choisir un ou plusieurs jours de pr\u00e9sence :Vendredi 27 juin, Samedi\u00a028 juin, ou Dimanche\u00a029 juin 2025 Inscrivez-vous !<\/p>","protected":false},"author":1,"featured_media":2811,"parent":0,"menu_order":0,"comment_status":"closed","ping_status":"closed","template":"","meta":{"_acf_changed":false,"site-sidebar-layout":"no-sidebar","site-content-layout":"page-builder","ast-site-content-layout":"full-width-container","site-content-style":"unboxed","site-sidebar-style":"unboxed","ast-global-header-display":"","ast-banner-title-visibility":"","ast-main-header-display":"","ast-hfb-above-header-display":"","ast-hfb-below-header-display":"","ast-hfb-mobile-header-display":"","site-post-title":"disabled","ast-breadcrumbs-content":"disabled","ast-featured-img":"disabled","footer-sml-layout":"","theme-transparent-header-meta":"enabled","adv-header-id-meta":"","stick-header-meta":"","header-above-stick-meta":"","header-main-stick-meta":"","header-below-stick-meta":"","astra-migrate-meta-layouts":"set","ast-page-background-enabled":"default","ast-page-background-meta":{"desktop":{"background-color":"","background-image":"","background-repeat":"repeat","background-position":"center center","background-size":"auto","background-attachment":"scroll","background-type":"","background-media":"","overlay-type":"","overlay-color":"","overlay-opacity":"","overlay-gradient":""},"tablet":{"background-color":"","background-image":"","background-repeat":"repeat","background-position":"center center","background-size":"auto","background-attachment":"scroll","background-type":"","background-media":"","overlay-type":"","overlay-color":"","overlay-opacity":"","overlay-gradient":""},"mobile":{"background-color":"","background-image":"","background-repeat":"repeat","background-position":"center center","background-size":"auto","background-attachment":"scroll","background-type":"","background-media":"","overlay-type":"","overlay-color":"","overlay-opacity":"","overlay-gradient":""}},"ast-content-background-meta":{"desktop":{"background-color":"var(--ast-global-color-5)","background-image":"","background-repeat":"repeat","background-position":"center center","background-size":"auto","background-attachment":"scroll","background-type":"","background-media":"","overlay-type":"","overlay-color":"","overlay-opacity":"","overlay-gradient":""},"tablet":{"background-color":"var(--ast-global-color-5)","background-image":"","background-repeat":"repeat","background-position":"center center","background-size":"auto","background-attachment":"scroll","background-type":"","background-media":"","overlay-type":"","overlay-color":"","overlay-opacity":"","overlay-gradient":""},"mobile":{"background-color":"var(--ast-global-color-5)","background-image":"","background-repeat":"repeat","background-position":"center center","background-size":"auto","background-attachment":"scroll","background-type":"","background-media":"","overlay-type":"","overlay-color":"","overlay-opacity":"","overlay-gradient":""}},"footnotes":""},"class_list":["post-3448","page","type-page","status-publish","has-post-thumbnail","hentry"],"acf":[],"_links":{"self":[{"href":"https:\/\/panafro-networks.com\/es\/wp-json\/wp\/v2\/pages\/3448","targetHints":{"allow":["GET"]}}],"collection":[{"href":"https:\/\/panafro-networks.com\/es\/wp-json\/wp\/v2\/pages"}],"about":[{"href":"https:\/\/panafro-networks.com\/es\/wp-json\/wp\/v2\/types\/page"}],"author":[{"embeddable":true,"href":"https:\/\/panafro-networks.com\/es\/wp-json\/wp\/v2\/users\/1"}],"replies":[{"embeddable":true,"href":"https:\/\/panafro-networks.com\/es\/wp-json\/wp\/v2\/comments?post=3448"}],"version-history":[{"count":61,"href":"https:\/\/panafro-networks.com\/es\/wp-json\/wp\/v2\/pages\/3448\/revisions"}],"predecessor-version":[{"id":3568,"href":"https:\/\/panafro-networks.com\/es\/wp-json\/wp\/v2\/pages\/3448\/revisions\/3568"}],"wp:featuredmedia":[{"embeddable":true,"href":"https:\/\/panafro-networks.com\/es\/wp-json\/wp\/v2\/media\/2811"}],"wp:attachment":[{"href":"https:\/\/panafro-networks.com\/es\/wp-json\/wp\/v2\/media?parent=3448"}],"curies":[{"name":"wp","href":"https:\/\/api.w.org\/{rel}","templated":true}]}}