{"id":2825,"date":"2024-09-25T08:55:28","date_gmt":"2024-09-25T08:55:28","guid":{"rendered":"https:\/\/panafro-networks.com\/?page_id=2825"},"modified":"2024-10-02T09:03:37","modified_gmt":"2024-10-02T09:03:37","slug":"panafrovoice","status":"publish","type":"page","link":"https:\/\/panafro-networks.com\/es\/panafrovoice\/","title":{"rendered":"PanafroVoice"},"content":{"rendered":"<div data-elementor-type=\"wp-page\" data-elementor-id=\"2825\" class=\"elementor elementor-2825\" data-elementor-post-type=\"page\">\n\t\t\t\t<div class=\"elementor-element elementor-element-b390bc0 e-flex e-con-boxed wpr-particle-no wpr-jarallax-no wpr-parallax-no wpr-sticky-section-no e-con e-parent\" data-id=\"b390bc0\" data-element_type=\"container\" data-e-type=\"container\">\n\t\t\t\t\t<div class=\"e-con-inner\">\n\t\t<div class=\"elementor-element elementor-element-7031160 e-con-full e-flex wpr-particle-no wpr-jarallax-no wpr-parallax-no wpr-sticky-section-no e-con e-child\" data-id=\"7031160\" data-element_type=\"container\" data-e-type=\"container\">\n\t\t\t\t<div class=\"elementor-element elementor-element-5905c30 elementor-widget elementor-widget-heading\" data-id=\"5905c30\" data-element_type=\"widget\" data-e-type=\"widget\" data-widget_type=\"heading.default\">\n\t\t\t\t<div class=\"elementor-widget-container\">\n\t\t\t\t\t<h2 class=\"elementor-heading-title elementor-size-default\">PANAFROVOICE: SU VISI\u00d3N DE UN \u00c1FRICA CULTURAL, ECON\u00d3MICA Y POL\u00cdTICAMENTE FUERTE<\/h2>\t\t\t\t<\/div>\n\t\t\t\t<\/div>\n\t\t\t\t<div class=\"elementor-element elementor-element-6022804 elementor-drop-cap-yes elementor-widget__width-auto elementor-drop-cap-view-default elementor-widget elementor-widget-text-editor\" data-id=\"6022804\" data-element_type=\"widget\" data-e-type=\"widget\" data-settings=\"{&quot;drop_cap&quot;:&quot;yes&quot;}\" data-widget_type=\"text-editor.default\">\n\t\t\t\t<div class=\"elementor-widget-container\">\n\t\t\t\t\t\t\t\t\t<p><span style=\"font-style: inherit; text-align: var(--text-align); color: var(--ast-global-color-6);\"><b>Queridos panafricanistas<\/b><\/span><span style=\"font-style: inherit; font-weight: inherit; text-align: var(--text-align); color: var(--ast-global-color-6);\">, \u00e0<\/span>\u00a0todos aquellos que se preocupan por el futuro de \u00c1frica y de los afrodescendientes, y quieren hacer o\u00edr su voz,<\/p><p>Panafro TV se enorgullece de lanzar<strong> PanafroVoice<\/strong>una iniciativa que ofrece una plataforma de expresi\u00f3n a todos aquellos\u00a0<span style=\"font-style: inherit; font-weight: inherit; color: var(--ast-global-color-6);\">que quieran contribuir a forjar el futuro de \u00c1frica y su di\u00e1spora. Tanto si eres <\/span><strong style=\"font-style: inherit; color: var(--ast-global-color-6);\">investigador, pol\u00edtico, historiador, economista, cient\u00edfico, escritor, artista, empresario<\/strong><span style=\"font-style: inherit; font-weight: inherit; color: var(--ast-global-color-6);\">o simplemente <\/span><strong style=\"font-style: inherit; color: var(--ast-global-color-6);\">ciudadano comprometido<\/strong><span style=\"font-style: inherit; font-weight: inherit; color: var(--ast-global-color-6);\">Su visi\u00f3n es importante para nosotros.<\/span><\/p><p><span style=\"font-style: inherit; font-weight: inherit; text-align: var(--text-align); color: #222222; font-family: Arial, sans-serif; font-size: 16px;\">Le invitamos a compartir sus ideas y propuestas con la comunidad\u00a0<\/span><span style=\"font-style: inherit; text-align: var(--text-align); color: var(--ast-global-color-6); font-weight: bolder;\">Panafro\u00a0<\/span><span style=\"font-style: inherit; font-weight: inherit; text-align: var(--text-align); color: #222222; font-family: Arial, sans-serif; font-size: 16px;\">haciendo\u00a0<\/span><span style=\"font-style: inherit; text-align: var(--text-align); color: var(--ast-global-color-6); font-weight: bolder;\">v\u00eddeo corto y contundente<\/span><span style=\"font-style: inherit; font-weight: inherit; text-align: var(--text-align); color: #222222; font-family: Arial, sans-serif; font-size: 16px;\">\u00a0(de 30 segundos a 2 minutos como m\u00e1ximo, en formato .mp4) o envi\u00e1ndonos un texto escrito.\u00a0<\/span><\/p><p><strong style=\"font-style: inherit; text-align: var(--text-align); color: var(--ast-global-color-6);\">Participar es f\u00e1cil:<\/strong><\/p><ul><li>Env\u00ede su v\u00eddeo por <strong>WhatsApp<\/strong> en <a href=\"https:\/\/wa.me\/33617404468\" target=\"_blank\" rel=\"noopener\"><strong>+33 6 17 40 44 68<\/strong><\/a>\u00a0(s\u00f3lo mensajes)<\/li><li>Tambi\u00e9n puede transferirlo a trav\u00e9s de <strong>WeTransfer<\/strong> o <strong>Transferencia suiza<\/strong> en la siguiente direcci\u00f3n <span style=\"text-decoration: underline;\"><a href=\"mailto:voice@panafrotv.com\">voice@panafrotv.com<\/a><\/span> .<\/li><li><span style=\"color: #222222; font-family: Arial, sans-serif; font-size: 16px;\">Env\u00ede su texto a <span style=\"text-decoration: underline;\"><a href=\"mailto:voice@panafrotv.com\">voice@panafrotv.com<\/a><\/span> .<\/span><\/li><\/ul><p><strong><span style=\"text-decoration: underline;\"><span style=\"color: #ff0000; text-decoration: underline;\">Importante<\/span><\/span> :<\/strong> Antes de enviarnos su v\u00eddeo, le invitamos a consultar nuestro <a href=\"https:\/\/panafro-networks.com\/es\/carta-de-buena-conducta\/\"><strong>carta de buena conducta<\/strong><\/a>\u00a0<span style=\"color: #222222; font-family: Arial, sans-serif; font-size: 16px; text-align: var(--text-align);\">y nuestras recomendaciones\u00a0\u00a0<\/span><span style=\"font-style: inherit; font-weight: inherit; text-align: var(--text-align); color: var(--ast-global-color-6);\">disponible aqu\u00ed: <\/span><a style=\"font-style: inherit; font-weight: inherit; text-align: var(--text-align); background-color: #ffffff;\" href=\"https:\/\/panafro-networks.com\/es\/carta-de-buena-conducta\/\"><strong>Carta de buena conducta<\/strong><\/a><span style=\"font-style: inherit; font-weight: inherit; text-align: var(--text-align); color: var(--ast-global-color-6);\"> .<\/span><\/p><p>Estamos deseando escuchar su contribuci\u00f3n y o\u00edr su voz.<\/p><p>Fraternalmente,<br \/><strong>Gilbert SARR<\/strong><br \/>Fundador de <strong>Redes Panafro<\/strong><\/p><p style=\"margin-bottom: 0.0001pt; line-height: normal; background-image: initial; background-position: initial; background-size: initial; background-repeat: initial; background-attachment: initial; background-origin: initial; background-clip: initial;\"><span style=\"font-size: 12.0pt; font-family: 'Arial',sans-serif; mso-fareast-font-family: 'Times New Roman'; color: #222222; mso-fareast-language: FR;\">\u00a0<\/span><\/p><p style=\"margin-bottom: 0.0001pt; line-height: normal; background-image: initial; background-position: initial; background-size: initial; background-repeat: initial; background-attachment: initial; background-origin: initial; background-clip: initial;\"><span style=\"color: #222222; font-family: Arial, sans-serif; font-size: 12pt; font-style: inherit; font-weight: inherit; text-align: var(--text-align);\">\u00a0<\/span><\/p><p style=\"margin-bottom: 0.0001pt; line-height: normal; background-image: initial; background-position: initial; background-size: initial; background-repeat: initial; background-attachment: initial; background-origin: initial; background-clip: initial;\"><span style=\"color: #222222; font-family: Arial, sans-serif; font-size: 12pt; font-style: inherit; font-weight: inherit; text-align: var(--text-align);\">\u00a0<\/span><\/p><p style=\"margin-bottom: 0.0001pt; line-height: normal; background-image: initial; background-position: initial; background-size: initial; background-repeat: initial; background-attachment: initial; background-origin: initial; background-clip: initial;\"><span style=\"color: #222222; font-family: Arial, sans-serif; font-size: 12pt; font-style: inherit; font-weight: inherit; text-align: var(--text-align);\">\u00a0<\/span><\/p><p style=\"margin-bottom: 0.0001pt; line-height: normal; background-image: initial; background-position: initial; background-size: initial; background-repeat: initial; background-attachment: initial; background-origin: initial; background-clip: initial;\">\u00a0<\/p>\t\t\t\t\t\t\t\t<\/div>\n\t\t\t\t<\/div>\n\t\t\t\t<\/div>\n\t\t\t\t\t<\/div>\n\t\t\t\t<\/div>\n\t\t\t\t<\/div>","protected":false},"excerpt":{"rendered":"<p>PANAFROVOICE : VOTRE VISION POUR UNE AFRIQUE CULTURELLEMENT, \u00c9CONOMIQUEMENT ET POLITIQUEMENT FORTE Chers panafricanistes, \u00e0\u00a0toutes celles et ceux qui ont \u00e0 c\u0153ur l&rsquo;avenir de l&rsquo;Afrique et des afrodescendants, et qui souhaitent faire entendre leur voix, Panafro TV est fier de lancer PanafroVoice, une initiative qui offre une plateforme d&rsquo;expression \u00e0 toutes celles et ceux\u00a0qui d\u00e9sirent contribuer \u00e0 dessiner l&rsquo;avenir de l&rsquo;Afrique et de sa diaspora. Que vous soyez chercheur, politique, historien, \u00e9conomiste, scientifique, auteur, artiste, entrepreneur, ou simplement citoyen engag\u00e9, votre vision nous int\u00e9resse ! Nous vous invitons \u00e0 partager vos id\u00e9es et propositions avec la communaut\u00e9\u00a0Panafro\u00a0en r\u00e9alisant\u00a0courte vid\u00e9o percutante\u00a0(30 secondes \u00e0 2 minutes maximum, au format .mp4) ou en nous envoyant un texte \u00e9crit.\u00a0 Pour participer, c&rsquo;est simple : Envoyez votre vid\u00e9o par WhatsApp au +33 6 17 40 44 68\u00a0(messages uniquement) Vous pouvez \u00e9galement la transf\u00e9rer via WeTransfer ou Swiss Transfer \u00e0 l&rsquo;adresse voice@panafrotv.com . Envoyez votre texte \u00e0 voice@panafrotv.com . Important : Avant de nous envoyer votre vid\u00e9o, nous vous invitons \u00e0 consulter notre charte de bonne conduite\u00a0ainsi que nos recommandations\u00a0\u00a0disponible ici : Charte de bonne conduite . Nous avons h\u00e2te de d\u00e9couvrir votre contribution et d&rsquo;entendre votre voix. Fraternellement,Gilbert SARRFondateur de Panafro Networks \u00a0 \u00a0 \u00a0 \u00a0 \u00a0<\/p>","protected":false},"author":2,"featured_media":2811,"parent":0,"menu_order":0,"comment_status":"closed","ping_status":"closed","template":"","meta":{"_acf_changed":false,"site-sidebar-layout":"no-sidebar","site-content-layout":"page-builder","ast-site-content-layout":"full-width-container","site-content-style":"default","site-sidebar-style":"default","ast-global-header-display":"","ast-banner-title-visibility":"","ast-main-header-display":"","ast-hfb-above-header-display":"","ast-hfb-below-header-display":"","ast-hfb-mobile-header-display":"","site-post-title":"disabled","ast-breadcrumbs-content":"","ast-featured-img":"disabled","footer-sml-layout":"","theme-transparent-header-meta":"","adv-header-id-meta":"","stick-header-meta":"","header-above-stick-meta":"","header-main-stick-meta":"","header-below-stick-meta":"","astra-migrate-meta-layouts":"set","ast-page-background-enabled":"default","ast-page-background-meta":{"desktop":{"background-color":"","background-image":"","background-repeat":"repeat","background-position":"center center","background-size":"auto","background-attachment":"scroll","background-type":"","background-media":"","overlay-type":"","overlay-color":"","overlay-opacity":"","overlay-gradient":""},"tablet":{"background-color":"","background-image":"","background-repeat":"repeat","background-position":"center center","background-size":"auto","background-attachment":"scroll","background-type":"","background-media":"","overlay-type":"","overlay-color":"","overlay-opacity":"","overlay-gradient":""},"mobile":{"background-color":"","background-image":"","background-repeat":"repeat","background-position":"center center","background-size":"auto","background-attachment":"scroll","background-type":"","background-media":"","overlay-type":"","overlay-color":"","overlay-opacity":"","overlay-gradient":""}},"ast-content-background-meta":{"desktop":{"background-color":"var(--ast-global-color-5)","background-image":"","background-repeat":"repeat","background-position":"center center","background-size":"auto","background-attachment":"scroll","background-type":"","background-media":"","overlay-type":"","overlay-color":"","overlay-opacity":"","overlay-gradient":""},"tablet":{"background-color":"var(--ast-global-color-5)","background-image":"","background-repeat":"repeat","background-position":"center center","background-size":"auto","background-attachment":"scroll","background-type":"","background-media":"","overlay-type":"","overlay-color":"","overlay-opacity":"","overlay-gradient":""},"mobile":{"background-color":"var(--ast-global-color-5)","background-image":"","background-repeat":"repeat","background-position":"center center","background-size":"auto","background-attachment":"scroll","background-type":"","background-media":"","overlay-type":"","overlay-color":"","overlay-opacity":"","overlay-gradient":""}},"footnotes":""},"class_list":["post-2825","page","type-page","status-publish","has-post-thumbnail","hentry"],"acf":[],"_links":{"self":[{"href":"https:\/\/panafro-networks.com\/es\/wp-json\/wp\/v2\/pages\/2825","targetHints":{"allow":["GET"]}}],"collection":[{"href":"https:\/\/panafro-networks.com\/es\/wp-json\/wp\/v2\/pages"}],"about":[{"href":"https:\/\/panafro-networks.com\/es\/wp-json\/wp\/v2\/types\/page"}],"author":[{"embeddable":true,"href":"https:\/\/panafro-networks.com\/es\/wp-json\/wp\/v2\/users\/2"}],"replies":[{"embeddable":true,"href":"https:\/\/panafro-networks.com\/es\/wp-json\/wp\/v2\/comments?post=2825"}],"version-history":[{"count":118,"href":"https:\/\/panafro-networks.com\/es\/wp-json\/wp\/v2\/pages\/2825\/revisions"}],"predecessor-version":[{"id":3104,"href":"https:\/\/panafro-networks.com\/es\/wp-json\/wp\/v2\/pages\/2825\/revisions\/3104"}],"wp:featuredmedia":[{"embeddable":true,"href":"https:\/\/panafro-networks.com\/es\/wp-json\/wp\/v2\/media\/2811"}],"wp:attachment":[{"href":"https:\/\/panafro-networks.com\/es\/wp-json\/wp\/v2\/media?parent=2825"}],"curies":[{"name":"wp","href":"https:\/\/api.w.org\/{rel}","templated":true}]}}