{"id":1246,"date":"2023-10-03T04:53:51","date_gmt":"2023-10-03T04:53:51","guid":{"rendered":"https:\/\/panafro-networks.com\/?page_id=1246"},"modified":"2024-11-19T23:29:04","modified_gmt":"2024-11-19T23:29:04","slug":"panafro-tv","status":"publish","type":"page","link":"https:\/\/panafro-networks.com\/es\/panafro-tv\/","title":{"rendered":"PANAFRO TV"},"content":{"rendered":"<div data-elementor-type=\"wp-page\" data-elementor-id=\"1246\" class=\"elementor elementor-1246\" data-elementor-post-type=\"page\">\n\t\t\t\t\t\t<section class=\"elementor-section elementor-top-section elementor-element elementor-element-fc505fb elementor-section-full_width elementor-section-height-default elementor-section-height-default wpr-particle-no wpr-jarallax-no wpr-parallax-no wpr-sticky-section-no\" data-id=\"fc505fb\" data-element_type=\"section\" data-e-type=\"section\" data-settings=\"{&quot;background_background&quot;:&quot;classic&quot;,&quot;shape_divider_bottom&quot;:&quot;opacity-fan&quot;}\">\n\t\t\t\t\t\t\t<div class=\"elementor-background-overlay\"><\/div>\n\t\t\t\t\t\t<div class=\"elementor-shape elementor-shape-bottom\" aria-hidden=\"true\" data-negative=\"false\">\n\t\t\t<svg xmlns=\"http:\/\/www.w3.org\/2000\/svg\" viewbox=\"0 0 283.5 19.6\" preserveaspectratio=\"none\">\n\t<path class=\"elementor-shape-fill\" style=\"opacity:0.33\" d=\"M0 0L0 18.8 141.8 4.1 283.5 18.8 283.5 0z\"\/>\n\t<path class=\"elementor-shape-fill\" style=\"opacity:0.33\" d=\"M0 0L0 12.6 141.8 4 283.5 12.6 283.5 0z\"\/>\n\t<path class=\"elementor-shape-fill\" style=\"opacity:0.33\" d=\"M0 0L0 6.4 141.8 4 283.5 6.4 283.5 0z\"\/>\n\t<path class=\"elementor-shape-fill\" d=\"M0 0L0 1.2 141.8 4 283.5 1.2 283.5 0z\"\/>\n<\/svg>\t\t<\/div>\n\t\t\t\t\t<div class=\"elementor-container elementor-column-gap-no\">\n\t\t\t\t\t<div class=\"elementor-column elementor-col-100 elementor-top-column elementor-element elementor-element-483bdde\" data-id=\"483bdde\" data-element_type=\"column\" data-e-type=\"column\">\n\t\t\t<div class=\"elementor-widget-wrap elementor-element-populated\">\n\t\t\t\t\t\t<div class=\"elementor-element elementor-element-802c406 elementor-widget__width-inherit elementor-widget elementor-widget-heading\" data-id=\"802c406\" data-element_type=\"widget\" data-e-type=\"widget\" data-widget_type=\"heading.default\">\n\t\t\t\t<div class=\"elementor-widget-container\">\n\t\t\t\t\t<h3 class=\"elementor-heading-title elementor-size-default\">Audiovisual<\/h3>\t\t\t\t<\/div>\n\t\t\t\t<\/div>\n\t\t\t\t\t<\/div>\n\t\t<\/div>\n\t\t\t\t\t<\/div>\n\t\t<\/section>\n\t\t\t\t<section class=\"elementor-section elementor-top-section elementor-element elementor-element-e6eecd6 elementor-section-boxed elementor-section-height-default elementor-section-height-default wpr-particle-no wpr-jarallax-no wpr-parallax-no wpr-sticky-section-no\" data-id=\"e6eecd6\" data-element_type=\"section\" data-e-type=\"section\" data-settings=\"{&quot;background_background&quot;:&quot;classic&quot;}\">\n\t\t\t\t\t\t\t<div class=\"elementor-background-overlay\"><\/div>\n\t\t\t\t\t\t\t<div class=\"elementor-container elementor-column-gap-no\">\n\t\t\t\t\t<div class=\"elementor-column elementor-col-100 elementor-top-column elementor-element elementor-element-75764c5\" data-id=\"75764c5\" data-element_type=\"column\" data-e-type=\"column\">\n\t\t\t<div class=\"elementor-widget-wrap elementor-element-populated\">\n\t\t\t\t\t\t<div class=\"elementor-element elementor-element-27d3285 premium-mask-yes premium-mask-tr premium-title-color elementor-widget elementor-widget-premium-addon-title\" data-id=\"27d3285\" data-element_type=\"widget\" data-e-type=\"widget\" data-widget_type=\"premium-addon-title.default\">\n\t\t\t\t<div class=\"elementor-widget-container\">\n\t\t\t\t\t\n\t\t<div class=\"premium-title-container style1\">\n\t\t\t<h2 class=\"premium-title-header premium-title-style1\">\n\t\t\t\t\n\t\t\t\t\n\t\t\t\t\t\t\t\t\t\t\t\t<span class=\"premium-title-text\">\n\t\t\t\t\tPANAFRO TV\t\t\t\t<\/span>\n\t\t\t\t\t\n\t\t\t\t\t\t\t\t\n\t\t\t\t\t\t\t<\/h2>\n\n\t\t<\/div>\n\n\t\t\t\t\t\t<\/div>\n\t\t\t\t<\/div>\n\t\t\t\t<div class=\"elementor-element elementor-element-f852115 elementor-widget elementor-widget-text-editor\" data-id=\"f852115\" data-element_type=\"widget\" data-e-type=\"widget\" data-widget_type=\"text-editor.default\">\n\t\t\t\t<div class=\"elementor-widget-container\">\n\t\t\t\t\t\t\t\t\t<p>Panafro TV es una plataforma audiovisual cuyo principal objetivo es inspirar, informar y educar a las comunidades africanas. Hemos creado este canal para ofrecer contenidos variados que reflejen la riqueza y diversidad de \u00c1frica. Nuestro objetivo es compartir historias inspiradoras, informaci\u00f3n valiosa y lecciones educativas para contribuir al desarrollo de nuestro continente. A trav\u00e9s de documentales, programas culturales, entrevistas y mucho m\u00e1s, celebramos la cultura africana, honramos a nuestros grandes l\u00edderes y destacamos las iniciativas positivas que est\u00e1n dando forma al futuro de \u00c1frica. Tambi\u00e9n exploraremos los \u00e1mbitos del esp\u00edritu empresarial y la pol\u00edtica. Destacando a los empresarios africanos que est\u00e1n innovando y creando oportunidades econ\u00f3micas, pretendemos fomentar el esp\u00edritu empresarial local e inspirar a una nueva generaci\u00f3n de l\u00edderes empresariales. Y al abordar cuestiones pol\u00edticas cruciales, pretendemos provocar la reflexi\u00f3n y fomentar el compromiso c\u00edvico en pro de un \u00c1frica m\u00e1s justa y pr\u00f3spera.<\/p><p>A trav\u00e9s de Panafro TV, pretendemos establecer un di\u00e1logo intercontinental fomentando el entendimiento y el intercambio de ideas entre las distintas comunidades africanas y m\u00e1s all\u00e1. \u00danase a nosotros en Panafro TV para descubrir contenidos cautivadores que informar\u00e1n, inspirar\u00e1n y abrir\u00e1n nuevas perspectivas sobre la cultura, el esp\u00edritu empresarial y la pol\u00edtica africanas. Juntos podemos crear un movimiento positivo y participar activamente en el desarrollo de nuestro continente.<\/p><p>Bienvenido a Panafro TV, el canal que pretende inspirar, informar y educar a las comunidades africanas a trav\u00e9s de contenidos audiovisuales de calidad.<\/p>\t\t\t\t\t\t\t\t<\/div>\n\t\t\t\t<\/div>\n\t\t\t\t\t<\/div>\n\t\t<\/div>\n\t\t\t\t\t<\/div>\n\t\t<\/section>\n\t\t<div class=\"elementor-element elementor-element-09b2891 e-flex e-con-boxed wpr-particle-no wpr-jarallax-no wpr-parallax-no wpr-sticky-section-no e-con e-parent\" data-id=\"09b2891\" data-element_type=\"container\" data-e-type=\"container\" data-settings=\"{&quot;background_background&quot;:&quot;classic&quot;}\">\n\t\t\t\t\t<div class=\"e-con-inner\">\n\t\t\t\t<div class=\"elementor-element elementor-element-696bb12 elementor-align-center elementor-widget__width-inherit elementor-invisible elementor-widget elementor-widget-button\" data-id=\"696bb12\" data-element_type=\"widget\" data-e-type=\"widget\" data-settings=\"{&quot;_animation&quot;:&quot;fadeInLeft&quot;}\" data-widget_type=\"button.default\">\n\t\t\t\t<div class=\"elementor-widget-container\">\n\t\t\t\t\t\t\t\t\t<div class=\"elementor-button-wrapper\">\n\t\t\t\t\t<a class=\"elementor-button elementor-button-link elementor-size-sm elementor-animation-wobble-skew\" href=\"https:\/\/youtube.com\/@panafro?si=WIsoPRDw75W6iV8v\" target=\"_blank\" rel=\"noopener\">\n\t\t\t\t\t\t<span class=\"elementor-button-content-wrapper\">\n\t\t\t\t\t\t<span class=\"elementor-button-icon\">\n\t\t\t\t<i aria-hidden=\"true\" class=\"far fa-arrow-alt-circle-down\"><\/i>\t\t\t<\/span>\n\t\t\t\t\t\t\t\t\t<span class=\"elementor-button-text\">Ir a PANAFRO TV<\/span>\n\t\t\t\t\t<\/span>\n\t\t\t\t\t<\/a>\n\t\t\t\t<\/div>\n\t\t\t\t\t\t\t\t<\/div>\n\t\t\t\t<\/div>\n\t\t\t\t<div class=\"elementor-element elementor-element-6fcfa3b elementor-align-center elementor-widget__width-inherit elementor-invisible elementor-widget elementor-widget-button\" data-id=\"6fcfa3b\" data-element_type=\"widget\" data-e-type=\"widget\" data-settings=\"{&quot;_animation&quot;:&quot;fadeInLeft&quot;}\" data-widget_type=\"button.default\">\n\t\t\t\t<div class=\"elementor-widget-container\">\n\t\t\t\t\t\t\t\t\t<div class=\"elementor-button-wrapper\">\n\t\t\t\t\t<a class=\"elementor-button elementor-button-link elementor-size-sm elementor-animation-wobble-skew\" href=\"https:\/\/panafro-networks.com\/wp-content\/uploads\/2024\/10\/telecharger-le-flyer-interactif-Panafro-TV.pdf?dl=1\" target=\"_blank\">\n\t\t\t\t\t\t<span class=\"elementor-button-content-wrapper\">\n\t\t\t\t\t\t<span class=\"elementor-button-icon\">\n\t\t\t\t<i aria-hidden=\"true\" class=\"fas fa-file-download\"><\/i>\t\t\t<\/span>\n\t\t\t\t\t\t\t\t\t<span class=\"elementor-button-text\">descargar el folleto interactivo de Panafro TV<\/span>\n\t\t\t\t\t<\/span>\n\t\t\t\t\t<\/a>\n\t\t\t\t<\/div>\n\t\t\t\t\t\t\t\t<\/div>\n\t\t\t\t<\/div>\n\t\t\t\t\t<\/div>\n\t\t\t\t<\/div>\n\t\t\t\t<section class=\"elementor-section elementor-top-section elementor-element elementor-element-fdb1e5e elementor-section-boxed elementor-section-height-default elementor-section-height-default wpr-particle-no wpr-jarallax-no wpr-parallax-no wpr-sticky-section-no\" data-id=\"fdb1e5e\" data-element_type=\"section\" data-e-type=\"section\" data-settings=\"{&quot;shape_divider_top&quot;:&quot;opacity-tilt&quot;,&quot;background_background&quot;:&quot;classic&quot;}\">\n\t\t\t\t\t\t\t<div class=\"elementor-background-overlay\"><\/div>\n\t\t\t\t\t\t<div class=\"elementor-shape elementor-shape-top\" aria-hidden=\"true\" data-negative=\"false\">\n\t\t\t<svg xmlns=\"http:\/\/www.w3.org\/2000\/svg\" viewbox=\"0 0 2600 131.1\" preserveaspectratio=\"none\">\n\t<path class=\"elementor-shape-fill\" d=\"M0 0L2600 0 2600 69.1 0 0z\"\/>\n\t<path class=\"elementor-shape-fill\" style=\"opacity:0.5\" d=\"M0 0L2600 0 2600 69.1 0 69.1z\"\/>\n\t<path class=\"elementor-shape-fill\" style=\"opacity:0.25\" d=\"M2600 0L0 0 0 130.1 2600 69.1z\"\/>\n<\/svg>\t\t<\/div>\n\t\t\t\t\t<div class=\"elementor-container elementor-column-gap-no\">\n\t\t\t\t\t<div class=\"elementor-column elementor-col-100 elementor-top-column elementor-element elementor-element-d951c6e\" data-id=\"d951c6e\" data-element_type=\"column\" data-e-type=\"column\">\n\t\t\t<div class=\"elementor-widget-wrap\">\n\t\t\t\t\t\t\t<\/div>\n\t\t<\/div>\n\t\t\t\t\t<\/div>\n\t\t<\/section>\n\t\t\t\t<\/div>","protected":false},"excerpt":{"rendered":"<p>Audiovisuel PANAFRO TV Panafro TV est une plateforme audiovisuelle dont le but principal est d&rsquo;inspirer, informer et \u00e9duquer les communaut\u00e9s africaines. Nous avons cr\u00e9\u00e9 cette cha\u00eene dans le but de fournir des contenus vari\u00e9s qui refl\u00e8tent la richesse et la diversit\u00e9 de l&rsquo;Afrique. Notre objectif est de partager des histoires inspirantes, des informations pr\u00e9cieuses et des enseignements \u00e9ducatifs pour contribuer au d\u00e9veloppement de notre continent. \u00c0 travers des documentaires, des \u00e9missions culturelles, des interviews et bien plus encore, nous c\u00e9l\u00e9brons la culture africaine, honorons nos grands leaders et mettons en valeur les initiatives positives qui fa\u00e7onnent l&rsquo;avenir de l&rsquo;Afrique. Nous explorerons \u00e9galement les domaines de l&rsquo;entrepreneuriat et de la politique. En mettant en lumi\u00e8re les entrepreneurs africains qui innovent et cr\u00e9ent des opportunit\u00e9s \u00e9conomiques, nous aspirons \u00e0 encourager l&rsquo;entrepreneuriat local et \u00e0 inspirer une nouvelle g\u00e9n\u00e9ration de leaders \u00e9conomiques. De plus, en abordant des questions politiques cruciales, nous cherchons \u00e0 susciter la r\u00e9flexion et \u00e0 encourager l&rsquo;engagement civique pour une Afrique plus juste et prosp\u00e8re. Gr\u00e2ce \u00e0 Panafro TV, nous souhaitons \u00e9tablir un dialogue intercontinental en favorisant la compr\u00e9hension et l&rsquo;\u00e9change d&rsquo;id\u00e9es entre les diff\u00e9rentes communaut\u00e9s africaines et au-del\u00e0. Nous croyons en la puissance de l&rsquo;audiovisuel pour stimuler la r\u00e9flexion, promouvoir le dialogue et encourager l&rsquo;action pour un avenir meilleur.Rejoignez-nous sur Panafro TV pour d\u00e9couvrir des contenus captivants qui vous informeront, vous inspireront et vous ouvriront de nouvelles perspectives sur la culture africaine, l&rsquo;entrepreneuriat et la politique. Ensemble, nous pouvons cr\u00e9er un mouvement positif et participer activement au d\u00e9veloppement de notre continent. Bienvenue sur Panafro TV, la cha\u00eene qui aspire \u00e0 inspirer, informer et \u00e9duquer les communaut\u00e9s africaines \u00e0 travers des contenus audiovisuels de qualit\u00e9. Acc\u00e9der \u00e0 PANAFRO TV t\u00e9l\u00e9charger le flyer interactif Panafro TV<\/p>","protected":false},"author":1,"featured_media":0,"parent":0,"menu_order":0,"comment_status":"closed","ping_status":"closed","template":"","meta":{"_acf_changed":false,"site-sidebar-layout":"no-sidebar","site-content-layout":"page-builder","ast-site-content-layout":"full-width-container","site-content-style":"unboxed","site-sidebar-style":"unboxed","ast-global-header-display":"","ast-banner-title-visibility":"","ast-main-header-display":"","ast-hfb-above-header-display":"","ast-hfb-below-header-display":"","ast-hfb-mobile-header-display":"","site-post-title":"disabled","ast-breadcrumbs-content":"disabled","ast-featured-img":"disabled","footer-sml-layout":"","theme-transparent-header-meta":"enabled","adv-header-id-meta":"","stick-header-meta":"","header-above-stick-meta":"","header-main-stick-meta":"","header-below-stick-meta":"","astra-migrate-meta-layouts":"set","ast-page-background-enabled":"default","ast-page-background-meta":{"desktop":{"background-color":"","background-image":"","background-repeat":"repeat","background-position":"center center","background-size":"auto","background-attachment":"scroll","background-type":"","background-media":"","overlay-type":"","overlay-color":"","overlay-opacity":"","overlay-gradient":""},"tablet":{"background-color":"","background-image":"","background-repeat":"repeat","background-position":"center center","background-size":"auto","background-attachment":"scroll","background-type":"","background-media":"","overlay-type":"","overlay-color":"","overlay-opacity":"","overlay-gradient":""},"mobile":{"background-color":"","background-image":"","background-repeat":"repeat","background-position":"center center","background-size":"auto","background-attachment":"scroll","background-type":"","background-media":"","overlay-type":"","overlay-color":"","overlay-opacity":"","overlay-gradient":""}},"ast-content-background-meta":{"desktop":{"background-color":"var(--ast-global-color-5)","background-image":"","background-repeat":"repeat","background-position":"center center","background-size":"auto","background-attachment":"scroll","background-type":"","background-media":"","overlay-type":"","overlay-color":"","overlay-opacity":"","overlay-gradient":""},"tablet":{"background-color":"var(--ast-global-color-5)","background-image":"","background-repeat":"repeat","background-position":"center center","background-size":"auto","background-attachment":"scroll","background-type":"","background-media":"","overlay-type":"","overlay-color":"","overlay-opacity":"","overlay-gradient":""},"mobile":{"background-color":"var(--ast-global-color-5)","background-image":"","background-repeat":"repeat","background-position":"center center","background-size":"auto","background-attachment":"scroll","background-type":"","background-media":"","overlay-type":"","overlay-color":"","overlay-opacity":"","overlay-gradient":""}},"footnotes":""},"class_list":["post-1246","page","type-page","status-publish","hentry"],"acf":[],"_links":{"self":[{"href":"https:\/\/panafro-networks.com\/es\/wp-json\/wp\/v2\/pages\/1246","targetHints":{"allow":["GET"]}}],"collection":[{"href":"https:\/\/panafro-networks.com\/es\/wp-json\/wp\/v2\/pages"}],"about":[{"href":"https:\/\/panafro-networks.com\/es\/wp-json\/wp\/v2\/types\/page"}],"author":[{"embeddable":true,"href":"https:\/\/panafro-networks.com\/es\/wp-json\/wp\/v2\/users\/1"}],"replies":[{"embeddable":true,"href":"https:\/\/panafro-networks.com\/es\/wp-json\/wp\/v2\/comments?post=1246"}],"version-history":[{"count":74,"href":"https:\/\/panafro-networks.com\/es\/wp-json\/wp\/v2\/pages\/1246\/revisions"}],"predecessor-version":[{"id":3250,"href":"https:\/\/panafro-networks.com\/es\/wp-json\/wp\/v2\/pages\/1246\/revisions\/3250"}],"wp:attachment":[{"href":"https:\/\/panafro-networks.com\/es\/wp-json\/wp\/v2\/media?parent=1246"}],"curies":[{"name":"wp","href":"https:\/\/api.w.org\/{rel}","templated":true}]}}